{"id":120,"date":"2015-06-12T12:55:42","date_gmt":"2015-06-12T12:55:42","guid":{"rendered":"https:\/\/acarpanelcit.com\/?page_id=120"},"modified":"2015-06-18T20:04:36","modified_gmt":"2015-06-18T20:04:36","slug":"fens-teli","status":"publish","type":"page","link":"https:\/\/acarpanelcit.com\/index.php\/fens-teli\/","title":{"rendered":"FENS TEL\u0130"},"content":{"rendered":"<p><a href=\"https:\/\/acarpanelcit.com\/wp-content\/uploads\/2015\/06\/images-1.jpg\"><img loading=\"lazy\" decoding=\"async\" class=\"alignnone size-full wp-image-121\" src=\"https:\/\/acarpanelcit.com\/wp-content\/uploads\/2015\/06\/images-1.jpg\" alt=\"images (1)\" width=\"315\" height=\"160\" \/><\/a><\/p>\n<p>D\u00fcz telin belli \u00f6l\u00e7\u00fclerde sarmalsal ( sarmallar \u015feklinde) dokunmas\u0131 sonucu olu\u015fan baklava desenli \u00f6rme teldir. Bah\u00e7e \u00e7evre g\u00fcvenli\u011finde, arazi \u00e7evirmesinde, hal\u0131 saha, tenis kortu, basketbol sahalar\u0131 \u00e7evre \u00e7evirmesinde kullan\u0131l\u0131r. \u00dcretmekte oldu\u011fumuz Hastelsan Fens Teli y\u00fcksek malzeme kalitesiyle istenilen g\u00f6z aral\u0131klar\u0131nda, uzunluk, y\u00fckseklik ve tel \u00e7aplar\u0131nda dokunarak projenize uygun \u00e7\u00f6z\u00fcmler sunacakt\u0131r<\/p>\n\n\t\t<style type=\"text\/css\">\n\t\t\t#gallery-1 {\n\t\t\t\tmargin: auto;\n\t\t\t}\n\t\t\t#gallery-1 .gallery-item {\n\t\t\t\tfloat: left;\n\t\t\t\tmargin-top: 10px;\n\t\t\t\ttext-align: center;\n\t\t\t\twidth: 33%;\n\t\t\t}\n\t\t\t#gallery-1 img {\n\t\t\t\tborder: 2px solid #cfcfcf;\n\t\t\t}\n\t\t\t#gallery-1 .gallery-caption {\n\t\t\t\tmargin-left: 0;\n\t\t\t}\n\t\t\t\/* see gallery_shortcode() in wp-includes\/media.php *\/\n\t\t<\/style>\n\t\t<div id='gallery-1' class='gallery galleryid-120 gallery-columns-3 gallery-size-large'><dl class='gallery-item'>\n\t\t\t<dt class='gallery-icon landscape'>\n\t\t\t\t<img loading=\"lazy\" decoding=\"async\" width=\"630\" height=\"473\" src=\"https:\/\/acarpanelcit.com\/wp-content\/uploads\/2015\/06\/mesh-wire-helezon-tel-12.jpg\" class=\"attachment-large size-large\" alt=\"\" \/>\n\t\t\t<\/dt><\/dl><dl class='gallery-item'>\n\t\t\t<dt class='gallery-icon landscape'>\n\t\t\t\t<img loading=\"lazy\" decoding=\"async\" width=\"315\" height=\"160\" src=\"https:\/\/acarpanelcit.com\/wp-content\/uploads\/2015\/06\/images-11.jpg\" class=\"attachment-large size-large\" alt=\"\" \/>\n\t\t\t<\/dt><\/dl><dl class='gallery-item'>\n\t\t\t<dt class='gallery-icon landscape'>\n\t\t\t\t<img loading=\"lazy\" decoding=\"async\" width=\"630\" height=\"472\" src=\"https:\/\/acarpanelcit.com\/wp-content\/uploads\/2015\/06\/bet1.jpg\" class=\"attachment-large size-large\" alt=\"\" \/>\n\t\t\t<\/dt><\/dl><br style=\"clear: both\" \/><dl class='gallery-item'>\n\t\t\t<dt class='gallery-icon landscape'>\n\t\t\t\t<img loading=\"lazy\" decoding=\"async\" width=\"630\" height=\"458\" src=\"https:\/\/acarpanelcit.com\/wp-content\/uploads\/2015\/06\/fens_teli_21.jpg\" class=\"attachment-large size-large\" alt=\"\" \/>\n\t\t\t<\/dt><\/dl><dl class='gallery-item'>\n\t\t\t<dt class='gallery-icon landscape'>\n\t\t\t\t<img loading=\"lazy\" decoding=\"async\" width=\"600\" height=\"398\" src=\"https:\/\/acarpanelcit.com\/wp-content\/uploads\/2015\/06\/fens-teli111.jpg\" class=\"attachment-large size-large\" alt=\"\" \/>\n\t\t\t<\/dt><\/dl><dl class='gallery-item'>\n\t\t\t<dt class='gallery-icon landscape'>\n\t\t\t\t<img loading=\"lazy\" decoding=\"async\" width=\"315\" height=\"160\" src=\"https:\/\/acarpanelcit.com\/wp-content\/uploads\/2015\/06\/images-12.jpg\" class=\"attachment-large size-large\" alt=\"\" \/>\n\t\t\t<\/dt><\/dl><br style=\"clear: both\" \/>\n\t\t<\/div>\n\n","protected":false},"excerpt":{"rendered":"<p>D\u00fcz telin belli \u00f6l\u00e7\u00fclerde sarmalsal ( sarmallar \u015feklinde) dokunmas\u0131 sonucu olu\u015fan baklava desenli \u00f6rme teldir. Bah\u00e7e \u00e7evre g\u00fcvenli\u011finde, arazi \u00e7evirmesinde, hal\u0131 saha, tenis kortu, basketbol sahalar\u0131 \u00e7evre \u00e7evirmesinde kullan\u0131l\u0131r. \u00dcretmekte oldu\u011fumuz Hastelsan Fens Teli y\u00fcksek malzeme kalitesiyle istenilen g\u00f6z aral\u0131klar\u0131nda, uzunluk, y\u00fckseklik ve tel \u00e7aplar\u0131nda dokunarak projenize uygun \u00e7\u00f6z\u00fcmler sunacakt\u0131r<\/p>\n","protected":false},"author":1,"featured_media":0,"parent":0,"menu_order":0,"comment_status":"closed","ping_status":"closed","template":"","meta":{"footnotes":""},"class_list":["post-120","page","type-page","status-publish","hentry"],"_links":{"self":[{"href":"https:\/\/acarpanelcit.com\/index.php\/wp-json\/wp\/v2\/pages\/120","targetHints":{"allow":["GET"]}}],"collection":[{"href":"https:\/\/acarpanelcit.com\/index.php\/wp-json\/wp\/v2\/pages"}],"about":[{"href":"https:\/\/acarpanelcit.com\/index.php\/wp-json\/wp\/v2\/types\/page"}],"author":[{"embeddable":true,"href":"https:\/\/acarpanelcit.com\/index.php\/wp-json\/wp\/v2\/users\/1"}],"replies":[{"embeddable":true,"href":"https:\/\/acarpanelcit.com\/index.php\/wp-json\/wp\/v2\/comments?post=120"}],"version-history":[{"count":1,"href":"https:\/\/acarpanelcit.com\/index.php\/wp-json\/wp\/v2\/pages\/120\/revisions"}],"predecessor-version":[{"id":131,"href":"https:\/\/acarpanelcit.com\/index.php\/wp-json\/wp\/v2\/pages\/120\/revisions\/131"}],"wp:attachment":[{"href":"https:\/\/acarpanelcit.com\/index.php\/wp-json\/wp\/v2\/media?parent=120"}],"curies":[{"name":"wp","href":"https:\/\/api.w.org\/{rel}","templated":true}]}}