{"id":143,"date":"2015-06-12T13:11:57","date_gmt":"2015-06-12T13:11:57","guid":{"rendered":"https:\/\/acarpanelcit.com\/?page_id=143"},"modified":"2015-06-18T20:05:12","modified_gmt":"2015-06-18T20:05:12","slug":"tavli-tel","status":"publish","type":"page","link":"https:\/\/acarpanelcit.com\/index.php\/tavli-tel\/","title":{"rendered":"TAVLI TEL"},"content":{"rendered":"<p><a href=\"https:\/\/acarpanelcit.com\/wp-content\/uploads\/2015\/06\/indir-1.jpg\"><img loading=\"lazy\" decoding=\"async\" class=\"alignnone size-full wp-image-144\" src=\"https:\/\/acarpanelcit.com\/wp-content\/uploads\/2015\/06\/indir-1.jpg\" alt=\"indir (1)\" width=\"275\" height=\"183\" \/><\/a><\/p>\n<p>\u0130n\u015faat demirlerinin ba\u011flamas\u0131ndan, k\u00e2\u011f\u0131t, tekstil \u00fcr\u00fcnleri, vb. bir\u00e7ok \u00fcr\u00fcn\u00fcn paketlenmesine kadar farkl\u0131 kullan\u0131m alan\u0131 bulan d\u00fc\u015f\u00fck karbonlu tavl\u0131 ba\u011flama tellerinin imalat\u0131nda \u00f6nc\u00fc firmalar aras\u0131nda yer almaktad\u0131r.<\/p>\n<table border=\"1\" width=\"600\" cellpadding=\"0\">\n<tbody>\n<tr>\n<td colspan=\"2\" align=\"left\" height=\"24\"><strong>\u00a0 TEKN\u0130K \u00d6ZELL\u0130KLER<\/strong><\/td>\n<\/tr>\n<tr>\n<td align=\"left\" bgcolor=\"#ececec\" width=\"43%\" height=\"20\">\u00a0 Y\u00fczey<\/td>\n<td align=\"left\" bgcolor=\"#ececec\" width=\"57%\" height=\"20\">\u00a0 Kaplamas\u0131z Temiz Y\u00fczey (Elektrikli tav oca\u011f\u0131nda, s\u0131cakl\u0131k kontroll\u00fc homojen tav \u0130\u015flemi)<\/td>\n<\/tr>\n<tr>\n<td align=\"left\" bgcolor=\"#ffffff\" width=\"43%\" height=\"20\">\u00a0 Kalite<\/td>\n<td align=\"left\" bgcolor=\"#ffffff\" width=\"57%\" height=\"20\">\u00a0 SAE 1006, SAE 1008, SAE 1010<\/td>\n<\/tr>\n<tr>\n<td align=\"left\" bgcolor=\"#ececec\" width=\"43%\" height=\"20\">\u00a0 \u00c7ap<\/td>\n<td align=\"left\" bgcolor=\"#ececec\" width=\"57%\" height=\"20\">\u00a0 0,50 mm &#8211; 4,00 mm (en \u00e7ok istenilen \u00e7ap aral\u0131\u011f\u0131) veya m\u00fc\u015fteri iste\u011fine g\u00f6re haz\u0131rlan\u0131r<\/td>\n<\/tr>\n<tr>\n<td align=\"left\" bgcolor=\"#ffffff\" width=\"43%\" height=\"20\">\u00a0 Ambalaj<\/td>\n<td align=\"left\" bgcolor=\"#ffffff\" width=\"57%\" height=\"20\">\u00a0 Kangal Demir Makara<\/td>\n<\/tr>\n<tr>\n<td align=\"left\" bgcolor=\"#ececec\" width=\"43%\" height=\"20\">\u00a0 Malzeme<\/td>\n<td align=\"left\" bgcolor=\"#ececec\" width=\"57%\" height=\"20\">\u00a0 D\u00fc\u015f\u00fck Karbonlu \u00c7elik Teller<\/td>\n<\/tr>\n<tr>\n<td align=\"left\" bgcolor=\"#ffffff\" width=\"43%\" height=\"20\">\u00a0 \u00c7ekme Mukavvemeti n\/mm2<\/td>\n<td align=\"left\" bgcolor=\"#ffffff\" width=\"57%\" height=\"20\">\u00a0 28 kg\/mm2 \u2013 40 kg\/mm2<\/td>\n<\/tr>\n<\/tbody>\n<\/table>\n<p>&nbsp;<\/p>\n\n\t\t<style type=\"text\/css\">\n\t\t\t#gallery-1 {\n\t\t\t\tmargin: auto;\n\t\t\t}\n\t\t\t#gallery-1 .gallery-item {\n\t\t\t\tfloat: left;\n\t\t\t\tmargin-top: 10px;\n\t\t\t\ttext-align: center;\n\t\t\t\twidth: 33%;\n\t\t\t}\n\t\t\t#gallery-1 img {\n\t\t\t\tborder: 2px solid #cfcfcf;\n\t\t\t}\n\t\t\t#gallery-1 .gallery-caption {\n\t\t\t\tmargin-left: 0;\n\t\t\t}\n\t\t\t\/* see gallery_shortcode() in wp-includes\/media.php *\/\n\t\t<\/style>\n\t\t<div id='gallery-1' class='gallery galleryid-143 gallery-columns-3 gallery-size-large'><dl class='gallery-item'>\n\t\t\t<dt class='gallery-icon landscape'>\n\t\t\t\t<img loading=\"lazy\" decoding=\"async\" width=\"275\" height=\"183\" src=\"https:\/\/acarpanelcit.com\/wp-content\/uploads\/2015\/06\/indir-11.jpg\" class=\"attachment-large size-large\" alt=\"\" \/>\n\t\t\t<\/dt><\/dl><dl class='gallery-item'>\n\t\t\t<dt class='gallery-icon landscape'>\n\t\t\t\t<img loading=\"lazy\" decoding=\"async\" width=\"630\" height=\"420\" src=\"https:\/\/acarpanelcit.com\/wp-content\/uploads\/2015\/06\/tavli-tel-11.jpg\" class=\"attachment-large size-large\" alt=\"\" \/>\n\t\t\t<\/dt><\/dl><dl class='gallery-item'>\n\t\t\t<dt class='gallery-icon landscape'>\n\t\t\t\t<img loading=\"lazy\" decoding=\"async\" width=\"630\" height=\"420\" src=\"https:\/\/acarpanelcit.com\/wp-content\/uploads\/2015\/06\/tavli-tel-galvaniz-tel-ve-baglama-telleri.jpg\" class=\"attachment-large size-large\" alt=\"\" \/>\n\t\t\t<\/dt><\/dl><br style=\"clear: both\" \/>\n\t\t<\/div>\n\n","protected":false},"excerpt":{"rendered":"<p>\u0130n\u015faat demirlerinin ba\u011flamas\u0131ndan, k\u00e2\u011f\u0131t, tekstil \u00fcr\u00fcnleri, vb. bir\u00e7ok \u00fcr\u00fcn\u00fcn paketlenmesine kadar farkl\u0131 kullan\u0131m alan\u0131 bulan d\u00fc\u015f\u00fck karbonlu tavl\u0131 ba\u011flama tellerinin imalat\u0131nda \u00f6nc\u00fc firmalar aras\u0131nda yer almaktad\u0131r. \u00a0 TEKN\u0130K \u00d6ZELL\u0130KLER \u00a0 Y\u00fczey \u00a0 Kaplamas\u0131z Temiz Y\u00fczey (Elektrikli tav oca\u011f\u0131nda, s\u0131cakl\u0131k kontroll\u00fc homojen tav \u0130\u015flemi) \u00a0 Kalite \u00a0 SAE 1006, SAE 1008, SAE 1010 \u00a0 \u00c7ap \u00a030<\/p>\n","protected":false},"author":1,"featured_media":0,"parent":0,"menu_order":0,"comment_status":"closed","ping_status":"closed","template":"","meta":{"footnotes":""},"class_list":["post-143","page","type-page","status-publish","hentry"],"_links":{"self":[{"href":"https:\/\/acarpanelcit.com\/index.php\/wp-json\/wp\/v2\/pages\/143","targetHints":{"allow":["GET"]}}],"collection":[{"href":"https:\/\/acarpanelcit.com\/index.php\/wp-json\/wp\/v2\/pages"}],"about":[{"href":"https:\/\/acarpanelcit.com\/index.php\/wp-json\/wp\/v2\/types\/page"}],"author":[{"embeddable":true,"href":"https:\/\/acarpanelcit.com\/index.php\/wp-json\/wp\/v2\/users\/1"}],"replies":[{"embeddable":true,"href":"https:\/\/acarpanelcit.com\/index.php\/wp-json\/wp\/v2\/comments?post=143"}],"version-history":[{"count":1,"href":"https:\/\/acarpanelcit.com\/index.php\/wp-json\/wp\/v2\/pages\/143\/revisions"}],"predecessor-version":[{"id":151,"href":"https:\/\/acarpanelcit.com\/index.php\/wp-json\/wp\/v2\/pages\/143\/revisions\/151"}],"wp:attachment":[{"href":"https:\/\/acarpanelcit.com\/index.php\/wp-json\/wp\/v2\/media?parent=143"}],"curies":[{"name":"wp","href":"https:\/\/api.w.org\/{rel}","templated":true}]}}