{"id":178,"date":"2015-07-04T08:07:59","date_gmt":"2015-07-04T08:07:59","guid":{"rendered":"https:\/\/acarpanelcit.com\/?page_id=178"},"modified":"2015-07-04T08:10:01","modified_gmt":"2015-07-04T08:10:01","slug":"178-2","status":"publish","type":"page","link":"https:\/\/acarpanelcit.com\/index.php\/178-2\/","title":{"rendered":"BURSA PANEL \u00c7\u0130T"},"content":{"rendered":"<p><strong>ACAR PANEL \u00c7\u0130T S\u0130STEMLER\u0130<\/strong><\/p>\n<p>1995 y\u0131l\u0131ndan beri montaj uygulamalar\u0131 ile i\u015f hayat\u0131na\u00a0 ba\u015flam\u0131\u015f\u00a0 olup\u00a0 babadan ogula\u00a0 ge\u00e7en bir meslektir<\/p>\n<p>\u0130malat ve montaj \u00e7al\u0131\u015fmalar\u0131m\u0131z devam etmektedir \u015fu ana kadar yap\u0131lan i\u015flerimizin .tamam\u0131 sorunsuz\u00a0 ve\u00a0 eksiksiz teslim etmenin gururunu ta\u015f\u0131yarak yolumuza siz degerli m\u00fc\u015fterilerimizin sayesinde devam etmekteyiz<\/p>\n<p>Ayr\u0131ca siz degerli m\u00fc\u015fterilerimize \u00fccretsiz ke\u015fif hizmeti vermekteyiz<\/p>\n<p>T\u00fcrkiye\u2019nin her b\u00f6lgesinden sipari\u015f verebilir montaj yapt\u0131rabilirsiniz<\/p>\n<p>Hizmet Alanlar\u0131m\u0131z;<img loading=\"lazy\" decoding=\"async\" class=\"alignright wp-image-164 size-full\" src=\"https:\/\/acarpanelcit.com\/wp-content\/uploads\/2015\/06\/images1.jpg\" alt=\"images\" width=\"259\" height=\"194\" \/><\/p>\n<p>Panel \u00c7it Sistemleri<\/p>\n<p>D\u00fczlemsel Jiletli Tel<\/p>\n<p>Helezon Jiletli Tel<\/p>\n<p>Bofer Panel \u00c7it Sistemleri<\/p>\n<p>Trapez Sa\u00e7 Pano<\/p>\n<p>Kafes Tel<img loading=\"lazy\" decoding=\"async\" class=\"alignright wp-image-157 size-full\" src=\"https:\/\/acarpanelcit.com\/wp-content\/uploads\/2015\/06\/images-6.jpg\" alt=\"images (6)\" width=\"354\" height=\"142\" \/><\/p>\n<p>Kap\u0131 Uygulamalar\u0131<\/p>\n<p>Pano Uygulamalar\u0131<\/p>\n<p>Hayvan Bar\u0131nak ve Hara Uygulamalar\u0131<\/p>\n<p>Akaryak\u0131t ve Baz \u0130stasyonlar\u0131<\/p>\n<p>Hava Alan\u0131 ve Metrob\u00fcs Uygulamalar\u0131<img loading=\"lazy\" decoding=\"async\" class=\"alignright wp-image-125 \" src=\"https:\/\/acarpanelcit.com\/wp-content\/uploads\/2015\/06\/mesh-wire-helezon-tel-12.jpg\" alt=\"mesh-wire-helezon-tel-12\" width=\"388\" height=\"291\" \/><\/p>\n<p>Spor Saha Uygulamalar\u0131<\/p>\n<p>Raf Sistemleri<\/p>\n<p><strong>Bursa da \u00a0Hizmet Verdi\u011fimiz \u0130l\u00e7elerimiz ;<\/strong><\/p>\n<p>Osmangazi<\/p>\n<p>Nil\u00fcfer<\/p>\n<p>B\u00fcy\u00fckorhan<\/p>\n<p>Y\u0131ld\u0131r\u0131m<\/p>\n<p>Gemlik<\/p>\n<p>G\u00fcrsu<\/p>\n<p>Harmanc\u0131k<\/p>\n<p>\u0130neg\u00f6l<\/p>\n<p>\u0130znik<\/p>\n<p>Karacabey<\/p>\n<p>Keles<\/p>\n<p>Kestel<\/p>\n<p>Mudanya<\/p>\n<p>Mustafakemalpa\u015fa<\/p>\n<p>Orhaneli<\/p>\n<p>Orhangazi<\/p>\n<p>Yeni\u015fehir<\/p>\n","protected":false},"excerpt":{"rendered":"<p>ACAR PANEL \u00c7\u0130T S\u0130STEMLER\u0130 1995 y\u0131l\u0131ndan beri montaj uygulamalar\u0131 ile i\u015f hayat\u0131na\u00a0 ba\u015flam\u0131\u015f\u00a0 olup\u00a0 babadan ogula\u00a0 ge\u00e7en bir meslektir \u0130malat ve montaj \u00e7al\u0131\u015fmalar\u0131m\u0131z devam etmektedir \u015fu ana kadar yap\u0131lan i\u015flerimizin .tamam\u0131 sorunsuz\u00a0 ve\u00a0 eksiksiz teslim etmenin gururunu ta\u015f\u0131yarak yolumuza siz degerli m\u00fc\u015fterilerimizin sayesinde devam etmekteyiz Ayr\u0131ca siz degerli m\u00fc\u015fterilerimize \u00fccretsiz ke\u015fif hizmeti vermekteyiz T\u00fcrkiye\u2019nin her30<\/p>\n","protected":false},"author":1,"featured_media":0,"parent":0,"menu_order":0,"comment_status":"open","ping_status":"open","template":"page-fullwidth.php","meta":{"footnotes":""},"class_list":["post-178","page","type-page","status-publish","hentry"],"_links":{"self":[{"href":"https:\/\/acarpanelcit.com\/index.php\/wp-json\/wp\/v2\/pages\/178","targetHints":{"allow":["GET"]}}],"collection":[{"href":"https:\/\/acarpanelcit.com\/index.php\/wp-json\/wp\/v2\/pages"}],"about":[{"href":"https:\/\/acarpanelcit.com\/index.php\/wp-json\/wp\/v2\/types\/page"}],"author":[{"embeddable":true,"href":"https:\/\/acarpanelcit.com\/index.php\/wp-json\/wp\/v2\/users\/1"}],"replies":[{"embeddable":true,"href":"https:\/\/acarpanelcit.com\/index.php\/wp-json\/wp\/v2\/comments?post=178"}],"version-history":[{"count":4,"href":"https:\/\/acarpanelcit.com\/index.php\/wp-json\/wp\/v2\/pages\/178\/revisions"}],"predecessor-version":[{"id":183,"href":"https:\/\/acarpanelcit.com\/index.php\/wp-json\/wp\/v2\/pages\/178\/revisions\/183"}],"wp:attachment":[{"href":"https:\/\/acarpanelcit.com\/index.php\/wp-json\/wp\/v2\/media?parent=178"}],"curies":[{"name":"wp","href":"https:\/\/api.w.org\/{rel}","templated":true}]}}