{"id":7,"date":"2015-06-05T17:34:13","date_gmt":"2015-06-05T17:34:13","guid":{"rendered":"https:\/\/acarpanelcit.com\/?page_id=7"},"modified":"2015-06-05T19:43:07","modified_gmt":"2015-06-05T19:43:07","slug":"kurumsal","status":"publish","type":"page","link":"https:\/\/acarpanelcit.com\/index.php\/kurumsal\/","title":{"rendered":"KURUMSAL"},"content":{"rendered":"<p>Acar Panel Tel \u00d6rg\u00fc Kuruldu\u011fu ilk g\u00fcnden beri kalite, kontrol ve sa\u011flaml\u0131\u011f\u0131 ilke edinen firmam\u0131z; \u00c7evre G\u00fcvenlik Tel \u00c7it sistemleri \u00fczerine \u00fcretim yapmaktad\u0131r. D\u00fcnyadaki ve \u00fclkemizdeki sekt\u00f6rde geli\u015fmeleri ve de\u011fi\u015fimleri yak\u0131ndan takip edip, sizlerin verdi\u011fi destekle yurdun her bir k\u00f6\u015fesine hizmet vermektedir.<\/p>\n<p>\u0130\u015fimize duydu\u011fumuz sayg\u0131, \u00e7al\u0131\u015fmalar\u0131m\u0131zdaki titizlik, m\u00fc\u015fterilerimize en iyi hizmet verebilmek, y\u00fcksek malzeme kalitesiyle sa\u011flam ve d\u00fc\u015f\u00fck maliyetli i\u015f \u00e7\u0131karmak temel prensiplerimizdendir. \u00dcretmekte oldu\u011fumuz \u00fcr\u00fcnler y\u00fcksek malzeme kalitesiyle uzun y\u0131llar deforme olmadan kullan\u0131m sa\u011flar. Firmam\u0131z faaliyet g\u00f6sterdi\u011fi Tel ve Tel mamulleri \u00fczerine \u00a0edindi\u011fi tecr\u00fcbeyle uzmanla\u015fm\u0131\u015ft\u0131r<\/p>\n<p>&nbsp;<\/p>\n","protected":false},"excerpt":{"rendered":"<p>Acar Panel Tel \u00d6rg\u00fc Kuruldu\u011fu ilk g\u00fcnden beri kalite, kontrol ve sa\u011flaml\u0131\u011f\u0131 ilke edinen firmam\u0131z; \u00c7evre G\u00fcvenlik Tel \u00c7it sistemleri \u00fczerine \u00fcretim yapmaktad\u0131r. D\u00fcnyadaki ve \u00fclkemizdeki sekt\u00f6rde geli\u015fmeleri ve de\u011fi\u015fimleri yak\u0131ndan takip edip, sizlerin verdi\u011fi destekle yurdun her bir k\u00f6\u015fesine hizmet vermektedir. \u0130\u015fimize duydu\u011fumuz sayg\u0131, \u00e7al\u0131\u015fmalar\u0131m\u0131zdaki titizlik, m\u00fc\u015fterilerimize en iyi hizmet verebilmek, y\u00fcksek malzeme kalitesiyle30<\/p>\n","protected":false},"author":1,"featured_media":0,"parent":0,"menu_order":0,"comment_status":"closed","ping_status":"closed","template":"page-fullwidth.php","meta":{"footnotes":""},"class_list":["post-7","page","type-page","status-publish","hentry"],"_links":{"self":[{"href":"https:\/\/acarpanelcit.com\/index.php\/wp-json\/wp\/v2\/pages\/7","targetHints":{"allow":["GET"]}}],"collection":[{"href":"https:\/\/acarpanelcit.com\/index.php\/wp-json\/wp\/v2\/pages"}],"about":[{"href":"https:\/\/acarpanelcit.com\/index.php\/wp-json\/wp\/v2\/types\/page"}],"author":[{"embeddable":true,"href":"https:\/\/acarpanelcit.com\/index.php\/wp-json\/wp\/v2\/users\/1"}],"replies":[{"embeddable":true,"href":"https:\/\/acarpanelcit.com\/index.php\/wp-json\/wp\/v2\/comments?post=7"}],"version-history":[{"count":2,"href":"https:\/\/acarpanelcit.com\/index.php\/wp-json\/wp\/v2\/pages\/7\/revisions"}],"predecessor-version":[{"id":23,"href":"https:\/\/acarpanelcit.com\/index.php\/wp-json\/wp\/v2\/pages\/7\/revisions\/23"}],"wp:attachment":[{"href":"https:\/\/acarpanelcit.com\/index.php\/wp-json\/wp\/v2\/media?parent=7"}],"curies":[{"name":"wp","href":"https:\/\/api.w.org\/{rel}","templated":true}]}}