{"id":92,"date":"2015-06-12T12:38:10","date_gmt":"2015-06-12T12:38:10","guid":{"rendered":"https:\/\/acarpanelcit.com\/?page_id=92"},"modified":"2015-06-18T20:05:07","modified_gmt":"2015-06-18T20:05:07","slug":"pvckapli-tel","status":"publish","type":"page","link":"https:\/\/acarpanelcit.com\/index.php\/pvckapli-tel\/","title":{"rendered":"PVC KAPLI TEL"},"content":{"rendered":"<p><a href=\"https:\/\/acarpanelcit.com\/wp-content\/uploads\/2015\/06\/PVC-KAFES5.jpg\"><img loading=\"lazy\" decoding=\"async\" class=\"alignnone  wp-image-96\" src=\"https:\/\/acarpanelcit.com\/wp-content\/uploads\/2015\/06\/PVC-KAFES5.jpg\" alt=\"PVC KAFES5\" width=\"363\" height=\"274\" \/><\/a><\/p>\n<p>Kullan\u0131m alan\u0131 olduk\u00e7a fazlad\u0131r. tercih edilmesindeki en \u00f6nemli sebep korozyona kar\u015f\u0131 dayan\u0131kl\u0131 olmas\u0131d\u0131r. Galvanizli tellerden imal edilen Hastelsan Pvc Kapl\u0131 Tel fark\u0131 renk se\u00e7enekleriyle s\u0131n\u0131rlar\u0131n\u0131za g\u00f6rsel bir zenginlik katacakt\u0131r.<\/p>\n<table border=\"1\" width=\"600\" cellpadding=\"0\">\n<tbody>\n<tr>\n<td colspan=\"2\" align=\"left\" height=\"24\"><b>\u00a0 TEKN\u0130K \u00d6ZELL\u0130KLER<\/b><\/td>\n<\/tr>\n<tr>\n<td width=\"43%\">\u00a0 Malzeme<\/td>\n<td width=\"57%\">\u00a0 S\u0131cak Dald\u0131rma Galvanizli Teller<\/td>\n<\/tr>\n<tr>\n<td width=\"43%\">\u00a0 \u00c7ekme Mukavemeti N\/mm2<\/td>\n<td width=\"57%\">\u00a0 Min. 450<\/td>\n<\/tr>\n<tr>\n<td width=\"43%\">\u00a0 Kaplama Y\u00f6ntemi<\/td>\n<td width=\"57%\">\u00a0 Ekstr\u00fczyon<\/td>\n<\/tr>\n<tr>\n<td width=\"43%\">\u00a0 Kaplama Kal\u0131nl\u0131\u011f\u0131 mm<\/td>\n<td width=\"57%\">\u00a0 1<\/td>\n<\/tr>\n<tr>\n<td width=\"43%\">\u00a0 Kaplanabilen Tel \u00c7ap\u0131 mm<\/td>\n<td width=\"57%\">\u00a0 1,50 &#8211; 4,00<\/td>\n<\/tr>\n<tr>\n<td width=\"43%\">\u00a0 PVC Kapl\u0131 Tel \u00c7ap\u0131 mm<\/td>\n<td width=\"57%\">\u00a0 2,50 &#8211; 5,00<\/td>\n<\/tr>\n<tr>\n<td width=\"43%\">\u00a0 Renk<\/td>\n<td width=\"57%\">\u00a0 RAL Kodlar\u0131nda<\/td>\n<\/tr>\n<tr>\n<td width=\"43%\">\u00a0 Kangal A\u011f\u0131rl\u0131\u011f\u0131 kg<\/td>\n<td width=\"57%\">\u00a0 50 &#8211; 600<\/td>\n<\/tr>\n<tr>\n<td width=\"43%\">\u00a0 Kangal \u0130\u00e7 \u00c7ap\u0131 mm<\/td>\n<td width=\"57%\">\u00a0 150, 300<\/td>\n<\/tr>\n<tr>\n<td width=\"43%\">\u00a0 Kangal D\u0131\u015f \u00c7ap\u0131 mm<\/td>\n<td width=\"57%\">\u00a0 350, 1.000<\/td>\n<\/tr>\n<tr>\n<td width=\"43%\">\u00a0 Ambalajlama<\/td>\n<td width=\"57%\">\u00a0 Rozet Sar\u0131m Kangal veya Ah\u015fap Makarada<\/td>\n<\/tr>\n<\/tbody>\n<\/table>\n\n\t\t<style type=\"text\/css\">\n\t\t\t#gallery-1 {\n\t\t\t\tmargin: auto;\n\t\t\t}\n\t\t\t#gallery-1 .gallery-item {\n\t\t\t\tfloat: left;\n\t\t\t\tmargin-top: 10px;\n\t\t\t\ttext-align: center;\n\t\t\t\twidth: 33%;\n\t\t\t}\n\t\t\t#gallery-1 img {\n\t\t\t\tborder: 2px solid #cfcfcf;\n\t\t\t}\n\t\t\t#gallery-1 .gallery-caption {\n\t\t\t\tmargin-left: 0;\n\t\t\t}\n\t\t\t\/* see gallery_shortcode() in wp-includes\/media.php *\/\n\t\t<\/style>\n\t\t<div id='gallery-1' class='gallery galleryid-92 gallery-columns-3 gallery-size-large'><dl class='gallery-item'>\n\t\t\t<dt class='gallery-icon landscape'>\n\t\t\t\t<img loading=\"lazy\" decoding=\"async\" width=\"630\" height=\"240\" src=\"https:\/\/acarpanelcit.com\/wp-content\/uploads\/2015\/06\/PVC-KAFES-21.jpg\" class=\"attachment-large size-large\" alt=\"\" \/>\n\t\t\t<\/dt><\/dl><dl class='gallery-item'>\n\t\t\t<dt class='gallery-icon landscape'>\n\t\t\t\t<img loading=\"lazy\" decoding=\"async\" width=\"629\" height=\"184\" src=\"https:\/\/acarpanelcit.com\/wp-content\/uploads\/2015\/06\/PVC-KAFES1.jpg\" class=\"attachment-large size-large\" alt=\"\" \/>\n\t\t\t<\/dt><\/dl><dl class='gallery-item'>\n\t\t\t<dt class='gallery-icon landscape'>\n\t\t\t\t<img loading=\"lazy\" decoding=\"async\" width=\"480\" height=\"362\" src=\"https:\/\/acarpanelcit.com\/wp-content\/uploads\/2015\/06\/PVC-KAFES5.jpg\" class=\"attachment-large size-large\" alt=\"\" \/>\n\t\t\t<\/dt><\/dl><br style=\"clear: both\" \/><dl class='gallery-item'>\n\t\t\t<dt class='gallery-icon landscape'>\n\t\t\t\t<img loading=\"lazy\" decoding=\"async\" width=\"500\" height=\"500\" src=\"https:\/\/acarpanelcit.com\/wp-content\/uploads\/2015\/06\/pvc-tel-500x500-3.jpg\" class=\"attachment-large size-large\" alt=\"\" \/>\n\t\t\t<\/dt><\/dl><dl class='gallery-item'>\n\t\t\t<dt class='gallery-icon landscape'>\n\t\t\t\t<img loading=\"lazy\" decoding=\"async\" width=\"300\" height=\"250\" src=\"https:\/\/acarpanelcit.com\/wp-content\/uploads\/2015\/06\/thmb-zirve-telorgu-com-baskent-ankara-tel-orgu-urunler-pvc-kapli-kafes-tel-orgu.jpg\" class=\"attachment-large size-large\" alt=\"\" \/>\n\t\t\t<\/dt><\/dl>\n\t\t\t<br style='clear: both' \/>\n\t\t<\/div>\n\n","protected":false},"excerpt":{"rendered":"<p>Kullan\u0131m alan\u0131 olduk\u00e7a fazlad\u0131r. tercih edilmesindeki en \u00f6nemli sebep korozyona kar\u015f\u0131 dayan\u0131kl\u0131 olmas\u0131d\u0131r. Galvanizli tellerden imal edilen Hastelsan Pvc Kapl\u0131 Tel fark\u0131 renk se\u00e7enekleriyle s\u0131n\u0131rlar\u0131n\u0131za g\u00f6rsel bir zenginlik katacakt\u0131r. \u00a0 TEKN\u0130K \u00d6ZELL\u0130KLER \u00a0 Malzeme \u00a0 S\u0131cak Dald\u0131rma Galvanizli Teller \u00a0 \u00c7ekme Mukavemeti N\/mm2 \u00a0 Min. 450 \u00a0 Kaplama Y\u00f6ntemi \u00a0 Ekstr\u00fczyon \u00a0 Kaplama Kal\u0131nl\u0131\u011f\u0131 mm30<\/p>\n","protected":false},"author":1,"featured_media":0,"parent":0,"menu_order":0,"comment_status":"closed","ping_status":"closed","template":"","meta":{"footnotes":""},"class_list":["post-92","page","type-page","status-publish","hentry"],"_links":{"self":[{"href":"https:\/\/acarpanelcit.com\/index.php\/wp-json\/wp\/v2\/pages\/92","targetHints":{"allow":["GET"]}}],"collection":[{"href":"https:\/\/acarpanelcit.com\/index.php\/wp-json\/wp\/v2\/pages"}],"about":[{"href":"https:\/\/acarpanelcit.com\/index.php\/wp-json\/wp\/v2\/types\/page"}],"author":[{"embeddable":true,"href":"https:\/\/acarpanelcit.com\/index.php\/wp-json\/wp\/v2\/users\/1"}],"replies":[{"embeddable":true,"href":"https:\/\/acarpanelcit.com\/index.php\/wp-json\/wp\/v2\/comments?post=92"}],"version-history":[{"count":3,"href":"https:\/\/acarpanelcit.com\/index.php\/wp-json\/wp\/v2\/pages\/92\/revisions"}],"predecessor-version":[{"id":103,"href":"https:\/\/acarpanelcit.com\/index.php\/wp-json\/wp\/v2\/pages\/92\/revisions\/103"}],"wp:attachment":[{"href":"https:\/\/acarpanelcit.com\/index.php\/wp-json\/wp\/v2\/media?parent=92"}],"curies":[{"name":"wp","href":"https:\/\/api.w.org\/{rel}","templated":true}]}}